{"id":45,"date":"2017-10-22T15:14:06","date_gmt":"2017-10-22T15:14:06","guid":{"rendered":"http:\/\/xn--freundeskreis-mhlhuser-museen-iqc45e.de\/?page_id=45"},"modified":"2020-09-16T18:59:31","modified_gmt":"2020-09-16T18:59:31","slug":"mitgliederantrag","status":"publish","type":"page","link":"https:\/\/www.freundeskreis-muehlhaeuser-museen.de\/?page_id=45","title":{"rendered":"Mitgliederantrag"},"content":{"rendered":"<h4>Antrag auf Mitgliedschaft &nbsp; &nbsp; &nbsp;<\/h4>\n<h6>&nbsp;&nbsp;&nbsp;&nbsp;&nbsp;&nbsp;&nbsp;&nbsp;&nbsp;&nbsp;&nbsp;&nbsp;&nbsp;&nbsp;&nbsp;&nbsp;&nbsp;&nbsp;&nbsp;&nbsp;&nbsp;&nbsp;&nbsp;&nbsp;&nbsp;&nbsp;&nbsp;&nbsp;&nbsp;&nbsp;&nbsp;&nbsp;&nbsp;&nbsp;&nbsp;&nbsp;&nbsp;&nbsp;&nbsp;&nbsp;&nbsp;&nbsp;&nbsp;&nbsp;&nbsp;&nbsp;&nbsp;&nbsp;&nbsp;&nbsp;&nbsp;&nbsp;&nbsp;&nbsp;&nbsp;&nbsp;&nbsp;&nbsp;&nbsp;&nbsp;&nbsp;&nbsp;&nbsp;&nbsp;&nbsp;&nbsp;&nbsp;&nbsp;&nbsp;&nbsp;&nbsp;&nbsp;&nbsp;&nbsp;&nbsp;&nbsp;&nbsp;&nbsp;&nbsp;&nbsp;&nbsp;&nbsp;&nbsp;&nbsp;&nbsp;&nbsp;&nbsp;&nbsp;&nbsp;&nbsp;&nbsp;&nbsp;&nbsp;&nbsp;&nbsp;&nbsp;&nbsp;&nbsp;&nbsp;&nbsp;&nbsp;&nbsp;&nbsp;&nbsp;&nbsp;&nbsp;&nbsp;&nbsp;&nbsp;&nbsp;&nbsp;&nbsp; Download&nbsp; <a href=\"https:\/\/www.freundeskreis-muehlhaeuser-museen.de\/wp-content\/uploads\/2017\/10\/Mitglierderantrag.pdf\">Mitgliederantrag<\/a><\/h6>\n<p>Ich\/wir beantrage\/n die Mitgliedschaft im <strong>Freundeskreis der M\u00fchlh\u00e4user Museen e. V.<\/strong><\/p>\n<p>&nbsp;<\/p>\n<p>Name Vorname geb. am (freiwillige Angabe)<\/p>\n<p>&nbsp;<\/p>\n<p>Stra\u00dfe PLZ Wohnort<\/p>\n<p>&nbsp;<\/p>\n<p>Telefon-Nr. Fax-Nr. E-Mail<\/p>\n<p>&nbsp;<\/p>\n<p>und zahle einen j\u00e4hrlichen Mindestbeitrag von:<\/p>\n<p>(bitte ankreuzen oder h\u00f6heren Beitrag eintragen)<\/p>\n<p>&nbsp;<\/p>\n<p>- voll zahlende Person ......................................... 30,00 Euro<\/p>\n<p>- erm\u00e4\u00dfigt zahlende Person ................................ 20,00 Euro<\/p>\n<p>(Auszubildender, Student, Behinderter, Arbeitsloser, Rentner)<\/p>\n<p>- Ehepaar ............................................................. 50,00 Euro<\/p>\n<p>- erm\u00e4\u00dfigt zahlendes Ehepaar ............................ 30,00 Euro<\/p>\n<p>- Sch\u00fcler .............................................................. 5,00 Euro<\/p>\n<p>- juristische Person .............................................. 100,00 Euro<\/p>\n<p>&nbsp;<\/p>\n<p>Der Beitrag ist j\u00e4hrlich zum 30. Juni zu entrichten.<\/p>\n<p>&nbsp;<\/p>\n<p>Einzugserm\u00e4chtigung wird erteilt: Ja ( ) Nein ( )<\/p>\n<p>&nbsp;<\/p>\n<p>Konto-Nr.: BLZ: Name der Bank:<\/p>\n<p>&nbsp;<\/p>\n<p>&nbsp;<\/p>\n<p>Ort Datum Unterschrift\/en<\/p>\n<p>bitte noch ausf\u00fcllen:<\/p>\n<p>Download <a href=\"https:\/\/www.freundeskreis-muehlhaeuser-museen.de\/wp-content\/uploads\/2020\/09\/20141010_SEPA_Lastschrift-Mandat.pdf\">SEPA Lastschrift (Mandat)<\/a><\/p>\n<p>&nbsp;<\/p>\n<p>zur\u00fcck an: Dr. Michael Scholl<\/p>\n<p>Freundeskreis der M\u00fchlh\u00e4user Museen e. V.<\/p>\n<p>Martinistr. 23<\/p>\n<p>99974 M\u00fchlhausen<\/p>\n<p>&nbsp;<\/p>\n","protected":false},"excerpt":{"rendered":"<p>Antrag auf Mitgliedschaft &nbsp; &nbsp; &nbsp; &nbsp;&nbsp;&nbsp;&nbsp;&nbsp;&nbsp;&nbsp;&nbsp;&nbsp;&nbsp;&nbsp;&nbsp;&nbsp;&nbsp;&nbsp;&nbsp;&nbsp;&nbsp;&nbsp;&nbsp;&nbsp;&nbsp;&nbsp;&nbsp;&nbsp;&nbsp;&nbsp;&nbsp;&nbsp;&nbsp;&nbsp;&nbsp;&nbsp;&nbsp;&nbsp;&nbsp;&nbsp;&nbsp;&nbsp;&nbsp;&nbsp;&nbsp;&nbsp;&nbsp;&nbsp;&nbsp;&nbsp;&nbsp;&nbsp;&nbsp;&nbsp;&nbsp;&nbsp;&nbsp;&nbsp;&nbsp;&nbsp;&nbsp;&nbsp;&nbsp;&nbsp;&nbsp;&nbsp;&nbsp;&nbsp;&nbsp;&nbsp;&nbsp;&nbsp;&nbsp;&nbsp;&nbsp;&nbsp;&nbsp;&nbsp;&nbsp;&nbsp;&nbsp;&nbsp;&nbsp;&nbsp;&nbsp;&nbsp;&nbsp;&nbsp;&nbsp;&nbsp;&nbsp;&nbsp;&nbsp;&nbsp;&nbsp;&nbsp;&nbsp;&nbsp;&nbsp;&nbsp;&nbsp;&nbsp;&nbsp;&nbsp;&nbsp;&nbsp;&nbsp;&nbsp;&nbsp;&nbsp;&nbsp;&nbsp;&nbsp;&nbsp;&nbsp; Download&nbsp; Mitgliederantrag Ich\/wir beantrage\/n die Mitgliedschaft im Freundeskreis der M\u00fchlh\u00e4user Museen e. V. &nbsp; Name Vorname geb. am (freiwillige Angabe) &nbsp; Stra\u00dfe PLZ Wohnort &nbsp; Telefon-Nr. Fax-Nr. E-Mail &nbsp; und zahle einen j\u00e4hrlichen Mindestbeitrag von: (bitte ankreuzen oder h\u00f6heren Beitrag eintragen) &nbsp; - voll zahlende Person ......................................... 30,00 <a href=\"https:\/\/www.freundeskreis-muehlhaeuser-museen.de\/?page_id=45\" class=\"more-link\">...weiterlesen<span class=\"screen-reader-text\"> \"Mitgliederantrag\"<\/span><\/a><\/p>\n","protected":false},"author":1,"featured_media":0,"parent":43,"menu_order":0,"comment_status":"closed","ping_status":"closed","template":"","meta":{"footnotes":""},"_links":{"self":[{"href":"https:\/\/www.freundeskreis-muehlhaeuser-museen.de\/index.php?rest_route=\/wp\/v2\/pages\/45"}],"collection":[{"href":"https:\/\/www.freundeskreis-muehlhaeuser-museen.de\/index.php?rest_route=\/wp\/v2\/pages"}],"about":[{"href":"https:\/\/www.freundeskreis-muehlhaeuser-museen.de\/index.php?rest_route=\/wp\/v2\/types\/page"}],"author":[{"embeddable":true,"href":"https:\/\/www.freundeskreis-muehlhaeuser-museen.de\/index.php?rest_route=\/wp\/v2\/users\/1"}],"replies":[{"embeddable":true,"href":"https:\/\/www.freundeskreis-muehlhaeuser-museen.de\/index.php?rest_route=%2Fwp%2Fv2%2Fcomments&post=45"}],"version-history":[{"count":6,"href":"https:\/\/www.freundeskreis-muehlhaeuser-museen.de\/index.php?rest_route=\/wp\/v2\/pages\/45\/revisions"}],"predecessor-version":[{"id":1258,"href":"https:\/\/www.freundeskreis-muehlhaeuser-museen.de\/index.php?rest_route=\/wp\/v2\/pages\/45\/revisions\/1258"}],"up":[{"embeddable":true,"href":"https:\/\/www.freundeskreis-muehlhaeuser-museen.de\/index.php?rest_route=\/wp\/v2\/pages\/43"}],"wp:attachment":[{"href":"https:\/\/www.freundeskreis-muehlhaeuser-museen.de\/index.php?rest_route=%2Fwp%2Fv2%2Fmedia&parent=45"}],"curies":[{"name":"wp","href":"https:\/\/api.w.org\/{rel}","templated":true}]}}