{"id":41,"date":"2017-10-22T14:48:26","date_gmt":"2017-10-22T14:48:26","guid":{"rendered":"http:\/\/xn--freundeskreis-mhlhuser-museen-iqc45e.de\/?page_id=41"},"modified":"2024-02-28T18:18:53","modified_gmt":"2024-02-28T18:18:53","slug":"unser-spendenkonto","status":"publish","type":"page","link":"https:\/\/www.freundeskreis-muehlhaeuser-museen.de\/?page_id=41","title":{"rendered":"Spenden"},"content":{"rendered":"<p>Mit Ihrer Spende auf das Spendenkonto k\u00f6nnen auch Sie die M\u00fchlh\u00e4user Museen unterst\u00fctzen.<\/p>\n<p>Sparkasse Unstrut-Hainich<\/p>\n<p>IBAN\u00a0\u00a0\u00a0\u00a0 <strong>DE90 8205 6060 0000 0084 00<\/strong><\/p>\n<p>BIC\u00a0\u00a0<strong>\u00a0\u00a0\u00a0\u00a0\u00a0\u00a0 HELADEF1MUE<br \/>\n<\/strong><\/p>\n<p><strong>\u00a0<\/strong><\/p>\n<p><strong>F\u00fcr besonders gro\u00dfz\u00fcgige Spenden bedanken wir uns bei:<\/strong><\/p>\n<p><strong>2019<\/strong><\/p>\n<ul>\n<li><strong>VR Bank Westth\u00fcringen eG<\/strong><\/li>\n<li><strong>Sparkasse Unstrut-Hainich<\/strong><\/li>\n<li><strong>Dr. Steffi Busch MVZ GmbH, M\u00fchlhausen<\/strong><\/li>\n<li><strong>Baugesch\u00e4ft Burkhardt GmbH, M\u00fchlhausen<\/strong><\/li>\n<li><strong>Hans-Joachim Gliemann, Ries.ES.M.B. GmbH, Rieseby<\/strong><\/li>\n<li><strong>M\u00fchlh\u00e4user Fleisch GmbH, M\u00fchlhausen<\/strong><\/li>\n<li><strong>Stadtwerke M\u00fchlhausen GmbH<\/strong><\/li>\n<\/ul>\n<p><strong>2019<br \/>\n<\/strong><\/p>\n<ul>\n<li><strong>Rita und Thomas Ortmann, M\u00fchlhausen<\/strong><\/li>\n<li><strong>Annett Deuscher, M\u00fchlhausen<\/strong><\/li>\n<li><strong>Dr. Michael Scholl, Carola Scholl, M\u00fchlhausen<\/strong><\/li>\n<li><strong>Dr. Norbert Alfred Jung, M\u00fchlhausen<\/strong><\/li>\n<li><strong>Dr. Uta K\u00e4stner und Dr. Peter K\u00e4stner, M\u00fchlhausen<\/strong><\/li>\n<li><strong>Thomas Diwo, M\u00fchlhausen<\/strong><\/li>\n<li><strong>Christian Blechschmidt, M\u00fchlhausen<\/strong><\/li>\n<li><strong>Jana P\u00e4cher, M\u00fchlhausen<\/strong><\/li>\n<li><strong>Oliver und Kathrin Kohl, M\u00fchlhausen<\/strong><strong><br \/>\n<\/strong><\/li>\n<li><strong>Rolf und Sigrid Ostermann, M\u00fchlhausen<\/strong><\/li>\n<li><strong>Eberhard Kurt Haskerl, M\u00fchlhausen<\/strong><\/li>\n<li><strong>Prof. Dr. Volker Kliem, Hann.-M\u00fcnden<\/strong><\/li>\n<li><strong>Gerd P\u00e4cher, M\u00fchlhausen<\/strong><\/li>\n<li><strong>Petra Vogt, Eschwege<\/strong><\/li>\n<li><strong>Andreas Spielvogel und Christina Spielvogel, M\u00fchlhausen<\/strong><\/li>\n<li><strong>Rita Vogt, Eschwege<\/strong><\/li>\n<li><strong>Dr. Hans-Christian Ochsenfarth, M\u00fchlhausen<\/strong><\/li>\n<li><strong>Michael und Christina Fischer, M\u00fchlhausen<\/strong><\/li>\n<li><strong>Dr. Thomas M\u00fcller, M\u00fchlhausen<\/strong><\/li>\n<li><strong>Dr. Falk Walther, M\u00fchlhausen<\/strong><\/li>\n<li><strong>Dr. Rolf Luhn, Eigenrieden<\/strong><\/li>\n<li><strong>Sabine und Albert Reinhardt, M\u00fchlhausen<\/strong><\/li>\n<li><strong>Dagmar Brandt, M\u00fchlhausen<\/strong><\/li>\n<\/ul>\n<p><strong>2018<\/strong><\/p>\n<ul>\n<li><strong>Autohaus an der Aue GmbH, M\u00fchlhausen<\/strong><\/li>\n<li><strong>Baugesch\u00e4ft Burkhardt GmbH, M\u00fchlhausen<\/strong><\/li>\n<li><strong>Gemeinschaftspraxis Dres. Sippel, M\u00fchlhausen<\/strong><\/li>\n<li><strong>M\u00fchlh\u00e4user Fleisch GmbH, M\u00fchlhausen<\/strong><\/li>\n<li><strong>Optik Deuscher, M\u00fchlhausen<\/strong><\/li>\n<li><strong>Gemeinschaftspraxis Dr. Scholl und Kollegen, M\u00fchlhausen<\/strong><\/li>\n<li><strong>Sparkasse Unstrut-Hainich, M\u00fchlhausen<\/strong><\/li>\n<li><strong>Steuerb\u00fcro Wingert &amp; Wingert, M\u00fchlhausen<\/strong><\/li>\n<li><strong>Textilveredelung Gebr. Hecht GmbH, M\u00fchlhausen<br \/>\n<\/strong><\/li>\n<\/ul>\n<p><strong>2018<\/strong><\/p>\n<ul>\n<li><strong>Christina und Michael Fischer, M\u00fchlhausen<\/strong><\/li>\n<li><strong>Carola und Dr. Michael Scholl, M\u00fchlhausen<\/strong><\/li>\n<li><strong>Dr. Renate K\u00f6hler, M\u00fchlhausen<\/strong><\/li>\n<li><strong>Dr. Steffi und Thomas Busch, M\u00fchlhausen<\/strong><\/li>\n<li><strong>Dres. Uta und Peter K\u00e4stner, M\u00fchlhausen<\/strong><\/li>\n<li><strong>Dr. Hans-Christian und Christina Ochsenfahrth, M\u00fchlhausen<\/strong><\/li>\n<li><strong>Dr. Helge und Rita Wittmann, M\u00fchlhausen<\/strong><\/li>\n<li><strong>Jochen Hecht, M\u00fchlhausen<\/strong><\/li>\n<li><strong>Rita und Thomas Ortmann, M\u00fchlhausen<\/strong><\/li>\n<li><strong>Christian Behmer, Senden<\/strong><\/li>\n<li><strong>Silke und Thomas R\u00fcbsam, Ammern<\/strong><\/li>\n<li><strong>Thomas Diwo, M\u00fchlhausen<br \/>\n<\/strong><\/li>\n<\/ul>\n<p><strong>2017<\/strong><\/p>\n<ul>\n<li><strong>Gemeinschaftspraxis im Dialysezentrum, M\u00fchlhausen<\/strong><\/li>\n<li><strong>Sparkasse Unstrut-Hainich<\/strong><strong><br \/>\n<\/strong><\/li>\n<li><strong>Autohaus an der Aue GmbH, M\u00fchlhausen<\/strong><\/li>\n<li><strong>Wingert und Wingert Steuerberater, M\u00fchlhausen<\/strong><\/li>\n<li><strong>M\u00fchlh\u00e4user Fleisch GmbH<\/strong><\/li>\n<li><strong>Baugesch\u00e4ft Burkhardt GmbH, M\u00fchlhausen<\/strong><\/li>\n<li><strong>Michael Fischer Jakobi Apotheke, M\u00fchlhausen<\/strong><\/li>\n<li><strong>Optik Deuscher, M\u00fchlhausen<\/strong><\/li>\n<li><strong>Ing. B\u00fcro Bochnig, Silberhausen<\/strong><\/li>\n<li><strong>Stadtwerke M\u00fchlhausen GmbH<\/strong><\/li>\n<li><strong>Textilveredelung Gebr. Hecht, M\u00fchlhausen<\/strong><\/li>\n<\/ul>\n<p><strong>2017<\/strong><\/p>\n<ul>\n<li><strong>Dr. Norbert Jung,<\/strong> <strong>M\u00fchlhausen<\/strong><\/li>\n<li><strong>Dr. Hans-Christian Ochsenfahrt, M\u00fchlhausen<br \/>\n<\/strong><\/li>\n<li><strong>Thomas Diwo, M\u00fchlhausen<\/strong><\/li>\n<li><strong>Kerstin Barnstorf, M\u00fchlhausen<\/strong><\/li>\n<li><strong>Dr. Michael Scholl, M\u00fchlhausen<\/strong><strong><br \/>\n<\/strong><\/li>\n<li><strong>Dres. Uta und Peter K\u00e4stner, M\u00fchlhausen<\/strong><\/li>\n<li><strong>Christina und Michael Fischer, M\u00fchlhausen<\/strong><\/li>\n<li><strong>Eberhard Ha\u00dfkerl, M\u00fchlhausen<\/strong><strong><br \/>\n<\/strong><\/li>\n<li><strong>Karl-Heinz Leister, M\u00fchlhausen<\/strong><\/li>\n<li><strong>Jochen Hecht, M\u00fchlhausen<\/strong><strong><br \/>\n<\/strong><\/li>\n<li><strong>Kathrin und Oliver Kohl, M\u00fchlhausen<\/strong><\/li>\n<li><strong>Rita und Thomas Ortmann, M\u00fchlhausen<\/strong><\/li>\n<li><strong>Silke H\u00f6hnl, Weimar<br \/>\n<\/strong><\/li>\n<li><strong>Dr. Matthias Oehler, Wundersleben<\/strong><\/li>\n<\/ul>\n<p><strong>2016<\/strong><\/p>\n<ul>\n<li><strong>Baugesch\u00e4ft Burghardt GmbH, M\u00fchlhausen<\/strong><\/li>\n<li><strong>M\u00fchlh\u00e4user Fleisch GmbH, M\u00fchlhausen<\/strong><\/li>\n<li><strong>Textilveredlung Gebr.Hecht Gmbh, M\u00fchlhausen<\/strong><\/li>\n<li><strong>Wingert und Wingert Steuerberater, M\u00fchlhausen<\/strong><\/li>\n<li><strong>Jakobi-Apotheke,Michael Fischer, M\u00fchlhausen<\/strong><\/li>\n<li><strong>Gemeinschaftspraxis im Dialysezentrum Dr.U.K\u00e4stner, Dr.M.Scholl,Dipl.-Med.M.Hildebrandt,J.Moschkau, M\u00fchlhausen<\/strong><\/li>\n<li><strong>Sparkasse Unstrut-Hainich, M\u00fchlhausen<br \/>\n<\/strong><\/li>\n<\/ul>\n<p><strong>2016<\/strong><\/p>\n<ul>\n<li>\n<div><strong>Dr. Heide Buschmann, M\u00fchlhausen<\/strong><\/div>\n<\/li>\n<li>\n<div><strong>Dr. Uta K\u00e4stner, M\u00fchlhausen<\/strong><\/div>\n<\/li>\n<li>\n<div><strong>Dr. Norbert Jung, M\u00fchlhausen<\/strong><\/div>\n<\/li>\n<li>\n<div><strong>Dr. Steffi und Thomas Busch, M\u00fchlhausen<\/strong><\/div>\n<\/li>\n<li>\n<div><strong>Dr. Michael Scholl, M\u00fchlhausen<\/strong><\/div>\n<\/li>\n<li>\n<div><strong>Prof. Marek Jau\u00df, M\u00fchlhausen<\/strong><\/div>\n<\/li>\n<li><strong>Ulrich Gast, M\u00fchlhausen<\/strong><\/li>\n<li><strong>Hans-Joachim Gliemann, Rieseby<\/strong><\/li>\n<\/ul>\n<p><strong>2015<br \/>\n<\/strong><\/p>\n<ul>\n<li><strong>Baugesch\u00e4ft Burghardt GmbH, M\u00fchlhausen<\/strong><\/li>\n<li><strong>M\u00fchlh\u00e4user Fleisch GmbH, M\u00fchlhausen<\/strong><\/li>\n<li><strong>Textilveredlung Gebr.Hecht GmbH, M\u00fchlhausen<\/strong><\/li>\n<li><strong>Sparkasse Unstrut-Hainich, M\u00fchlhausen<\/strong><\/li>\n<li><strong>Gemeinschaftspraxis im Dialysezentrum Dr.U.K\u00e4stner<\/strong><\/li>\n<li><strong>Dipl.-Med.M.Hildebrandt,Dr.M.Scholl,J.Moschkau, M\u00fchlhausen<\/strong><\/li>\n<li><strong>Wingert und Wingert Steuerberater, M\u00fchlhausen<\/strong><\/li>\n<li><strong>Stadtwerke M\u00fchlhausen GmbH<\/strong><\/li>\n<\/ul>\n<p><strong>2015<\/strong><\/p>\n<ul>\n<li><strong>Dr.Ira Keller und Matthias Heller, M\u00fchlhausen<\/strong><\/li>\n<li><strong>Dres.Uta und Peter K\u00e4stner, M\u00fchlhausen<\/strong><\/li>\n<li><strong>Dres. Gudrun und Norbert Jung, M\u00fchlhausen<\/strong><\/li>\n<li><strong>Manfred Pape, Bad Arolsen<\/strong><\/li>\n<li><strong>Rita und Thomas Ortmann, M\u00fchlhausen<\/strong><\/li>\n<li><strong>Carola und Dr. Michael Scholl, M\u00fchlhausen<\/strong><\/li>\n<li><strong>Dr. Marina und Herbert Schlegel M\u00fchlhausen<br \/>\n<\/strong><\/li>\n<li><strong>Prof. Marek Jau\u00df, M\u00fchlhausen<br \/>\n<\/strong><\/li>\n<li><strong>Dr.Falk Walther,M\u00fchlhausen <\/strong><\/li>\n<li><strong>Thomas Diwo,M\u00fchlhausen<\/strong><\/li>\n<\/ul>\n<p><strong>2014<br \/>\n<\/strong><\/p>\n<ul>\n<li><strong>Baugesch\u00e4ft Burghardt GmbH, M\u00fchlhausen<br \/>\n<\/strong><\/li>\n<li><strong>Sparkasse Unstrut-Hainich<br \/>\n<\/strong><\/li>\n<li><strong>Stadtwerke M\u00fchlhausen GmbH, M\u00fchlhausen<br \/>\n<\/strong><\/li>\n<li><strong>M\u00fchlh\u00e4user Fleisch GmbH, M\u00fchlhausen<br \/>\n<\/strong><\/li>\n<li><strong>Brunnenkre\u00df-Apotheke, Annemarie Dre\u00dfler, M\u00fchlhausen<\/strong><\/li>\n<li><strong>Ingenieurb\u00fcro Herbert Bochnig, Silberhausen<\/strong><\/li>\n<\/ul>\n<p><strong>\u00a0<\/strong><\/p>\n<p><strong>2014<br \/>\n<\/strong><\/p>\n<ul>\n<li><strong>Dr. Ira Keller und Matthias Heller, M\u00fchlhausen<br \/>\n<\/strong><\/li>\n<li><strong>Annett Deuscher, M\u00fchlhausen<br \/>\n<\/strong><\/li>\n<li><strong>Dres. Uta und Peter K\u00e4stner, M\u00fchlhausen<br \/>\n<\/strong><\/li>\n<li><strong>Dr. Michael Scholl und Carola Scholl, M\u00fchlhausen<br \/>\n<\/strong><\/li>\n<li><strong>Dres. Gudrun und Norbert Jung, M\u00fchlhausen<br \/>\n<\/strong><\/li>\n<li><strong>B\u00e4rbel und Uli Gast, M\u00fchlhausen<\/strong><\/li>\n<li><strong>Ingolf und Ulla Hunold, Birkungen<\/strong><\/li>\n<li><strong>Prof.Marek Jau\u00df, M\u00fchlhausen<\/strong><\/li>\n<\/ul>\n<p><strong>\u00a0<\/strong><\/p>\n<p><strong>2013<\/strong><\/p>\n<ul>\n<li>Baugesch\u00e4ft Burkhardt GmbH, M\u00fchlhausen<\/li>\n<li>Gemeinschaftspraxis im Dialysezentrum Dr. Uta K\u00e4stner, Dipl.-Med. Michael Hildebrandt, Dr. Michael Scholl, J\u00fcrgen Moschkau, M\u00fchlhausen<\/li>\n<li>Jakobi-Apotheke, Michael Fischer, M\u00fchlhausen<\/li>\n<li>Sparkasse Unstrut-Hainich<\/li>\n<li>Steuerberater Wingert und Wingert, M\u00fchlhausen<\/li>\n<li>Stiftung Westth\u00fcringen<\/li>\n<\/ul>\n<p><strong>2013<\/strong><\/p>\n<ul>\n<li>Dr. Gudrun und Dr. Norbert Jung, M\u00fchlhausen<\/li>\n<li>Dr. Uta K\u00e4stner, M\u00fchlhausen<\/li>\n<li>Carola und Dr. Michael Scholl, M\u00fchlhausen<\/li>\n<li>Dr. Marina und Herbert Schlege,l M\u00fchlhausen<\/li>\n<li>Prof. Dr. Marek Jau\u00df, M\u00fchlhausen<\/li>\n<li>Dr. Falk Walther, M\u00fchlhausen<\/li>\n<li>Dr. Heide Buschmann, M\u00fchlhausen<\/li>\n<li>Hans-Joachim Gliemann, Rieseby<\/li>\n<\/ul>\n<p><strong>2012<\/strong><\/p>\n<ul>\n<li>\u201eBrauhaus Zum L\u00f6wen\u201c, M\u00fchlhausen<\/li>\n<li>Baugesch\u00e4ft Burkhardt GmbH, M\u00fchlhausen<\/li>\n<li>E.ON \u00a0Th\u00fcringer Energie AG Erfurt<\/li>\n<li>Gemeinschaftspraxis im Dialysezentrum M\u00fchlhausen - Dr. Uta K\u00e4stner, Dipl.-Med. Michael Hildebrandt, Dr. Michael Scholl, J\u00fcrgen Moschkau<\/li>\n<li>Ingenieurb\u00fcro Herbert Bochnig, Silberhausen<\/li>\n<li>Optik Deuscher, M\u00fchlhausen<\/li>\n<li>Planungsb\u00fcro Dr. Ralf Weise, M\u00fchlhausen<\/li>\n<li>Rechtsanwalt Carsten Oehlmann, M\u00fchlhausen<\/li>\n<li>Sparkasse Unstrut-Hainich<\/li>\n<li>Stadtwerke M\u00fchlhausen GmbH<\/li>\n<li>Steuerberater Dietrich Wingert, M\u00fchlhausen<\/li>\n<li>Textilveredlung Gebr. Hecht GmbH, M\u00fchlhausen<\/li>\n<\/ul>\n<p><strong>2012<\/strong><\/p>\n<ul>\n<li>Bruns, Dr. Johannes, M\u00fchlhausen<\/li>\n<li>Heinrichs, Dr. Wolf, M\u00fcnster<\/li>\n<li>Jau\u00df, Dr. Marek, M\u00fchlhausen<\/li>\n<li>Jung, Dres. Gudrun und Norbert, M\u00fchlhausen<\/li>\n<li>Kretschmer, Christiane und Thomas, M\u00fchlhausen<\/li>\n<li>Krieg, Harko, Niederdorla;\u00a0 Fischer-Krieg, Sieglinde, Niederdorla<\/li>\n<li>Ortmann, Rita und Thomas, M\u00fchlhausen<\/li>\n<li>Scholl, Carola und Dr. Michael, M\u00fchlhausen<\/li>\n<li>Walther, Regina und Dr. Falk, M\u00fchlhausen<\/li>\n<li>Walther, Rolf-August Paul, Dillenburg<\/li>\n<\/ul>\n<p><strong>2011<\/strong><\/p>\n<ul>\n<li>\u201eBrauhaus Zum L\u00f6wen\u201c, M\u00fchlhausen<\/li>\n<li>Baugesch\u00e4ft Burkhardt GmbH, M\u00fchlhausen<\/li>\n<li>Gemeinschaftspraxis im Dialysezentrum M\u00fchlhausen<br \/>\nDr. Uta K\u00e4stner, Dipl.-Med. Michael Hildebrandt, Dr. Michael Scholl,<br \/>\nJ\u00fcrgen Moschkau<\/li>\n<li>MBH-Makler B\u00fcro Haas GmbH, Eltville<\/li>\n<li>M\u00fchlh\u00e4user Fleisch GmbH<\/li>\n<li>Rotary Club M\u00fchlhausen<\/li>\n<li>Sparkasse Unstrut-Hainich<\/li>\n<li>St\u00e4dtische Wohnungsgesellschaft mbH M\u00fchlhausen<\/li>\n<li>Stadtwerke M\u00fchlhausen GmbH<\/li>\n<li>Textilveredlung Gebr. Hecht GmbH, M\u00fchlhausen<\/li>\n<\/ul>\n<p><strong>2011<\/strong><\/p>\n<ul>\n<li>Bronzel, Marlies und Volker, Bad Langensalza<\/li>\n<li>Br\u00fcssler, Alice und Walter, Plochingen<\/li>\n<li>Busch, Dr. Steffi und Thomas, M\u00fchlhausen<\/li>\n<li>Buschmann, Dr. Heide, M\u00fchlhausen<\/li>\n<li>D\u00f6rbaum, Veronika und Hans-Dieter, M\u00fchlhausen<\/li>\n<li>Fleischer, Christiane und Mario, Wei\u00dfdorf<\/li>\n<li>Hofmann, Renate und Robert, Weimar<\/li>\n<li>Hunold, Ingolf und Ulla, Birkungen<\/li>\n<li>Jensch, Dr. Gunhild und Martin, M\u00fchlhausen<\/li>\n<li>Jung, Dres. Gudrun und Norbert, M\u00fchlhausen<\/li>\n<li>Kardach, Dr. Siegbert, Erfurt<\/li>\n<li>K\u00e4stner, Dres. Uta und Peter, M\u00fchlhausen<\/li>\n<li>Keller, Sigrid und Dr. Rolf, M\u00fchlhausen<\/li>\n<li>Kirchner, Claudia und Wolf-Dieter, Ammern<\/li>\n<li>K\u00fcmmel, Hannelore und Joachim, Schlotheim<\/li>\n<li>Lorenz, Ingrid und Waldemar, Langula<\/li>\n<li>N\u00f6thlich, Karla und Frank, M\u00fchlhausen<\/li>\n<li>Ortmann, Rita und Thomas, M\u00fchlhausen<\/li>\n<li>P\u00e4cher, Jana und Gerd, M\u00fchlhausen<\/li>\n<li>Retzlaff, Heiko, Weimar; \u00a0Hansmann-Retzlaff, Christine, Weimar<\/li>\n<li>Schmidt, Heidemarie und J\u00fcrgen, M\u00fchlhausen<\/li>\n<li>Scholl, Carola und Dr. Michael, M\u00fchlhausen<\/li>\n<li>Scholl, Gerlinde und Thomas, Hanau<\/li>\n<li>Seyfarth, Dres. Helga und Heinz, M\u00fchlhausen<\/li>\n<li>Steinbrecher, Heike, M\u00fchlhausen<\/li>\n<li>Strack, Lieselotte und Herbert, R\u00fcppershausen<\/li>\n<li>Strieb, Anita und Gerhard, Meinhard<\/li>\n<li>Tiedt, Christina und Ullrich, Hohegei\u00df<\/li>\n<li>von der Trenck, Brigitte und Eckart, Berlstedt<\/li>\n<li>Walther, Regina und Dr. Falk, M\u00fchlhausen<\/li>\n<li>Wolf, Lilian und Burkhard, Grenzach-Wyhlen<\/li>\n<li>Zierdt, Hans-Joachim und Christa, Deuna<\/li>\n<\/ul>\n","protected":false},"excerpt":{"rendered":"<p>Mit Ihrer Spende auf das Spendenkonto k\u00f6nnen auch Sie die M\u00fchlh\u00e4user Museen unterst\u00fctzen. Sparkasse Unstrut-Hainich IBAN\u00a0\u00a0\u00a0\u00a0 DE90 8205 6060 0000 0084 00 BIC\u00a0\u00a0\u00a0\u00a0\u00a0\u00a0\u00a0\u00a0 HELADEF1MUE \u00a0 F\u00fcr besonders gro\u00dfz\u00fcgige Spenden bedanken wir uns bei: 2019 VR Bank Westth\u00fcringen eG Sparkasse Unstrut-Hainich Dr. Steffi Busch MVZ GmbH, M\u00fchlhausen Baugesch\u00e4ft Burkhardt GmbH, M\u00fchlhausen Hans-Joachim Gliemann, Ries.ES.M.B. GmbH, Rieseby <a href=\"https:\/\/www.freundeskreis-muehlhaeuser-museen.de\/?page_id=41\" class=\"more-link\">...weiterlesen<span class=\"screen-reader-text\"> \"Spenden\"<\/span><\/a><\/p>\n","protected":false},"author":1,"featured_media":0,"parent":0,"menu_order":6,"comment_status":"closed","ping_status":"closed","template":"","meta":{"footnotes":""},"_links":{"self":[{"href":"https:\/\/www.freundeskreis-muehlhaeuser-museen.de\/index.php?rest_route=\/wp\/v2\/pages\/41"}],"collection":[{"href":"https:\/\/www.freundeskreis-muehlhaeuser-museen.de\/index.php?rest_route=\/wp\/v2\/pages"}],"about":[{"href":"https:\/\/www.freundeskreis-muehlhaeuser-museen.de\/index.php?rest_route=\/wp\/v2\/types\/page"}],"author":[{"embeddable":true,"href":"https:\/\/www.freundeskreis-muehlhaeuser-museen.de\/index.php?rest_route=\/wp\/v2\/users\/1"}],"replies":[{"embeddable":true,"href":"https:\/\/www.freundeskreis-muehlhaeuser-museen.de\/index.php?rest_route=%2Fwp%2Fv2%2Fcomments&post=41"}],"version-history":[{"count":13,"href":"https:\/\/www.freundeskreis-muehlhaeuser-museen.de\/index.php?rest_route=\/wp\/v2\/pages\/41\/revisions"}],"predecessor-version":[{"id":1661,"href":"https:\/\/www.freundeskreis-muehlhaeuser-museen.de\/index.php?rest_route=\/wp\/v2\/pages\/41\/revisions\/1661"}],"wp:attachment":[{"href":"https:\/\/www.freundeskreis-muehlhaeuser-museen.de\/index.php?rest_route=%2Fwp%2Fv2%2Fmedia&parent=41"}],"curies":[{"name":"wp","href":"https:\/\/api.w.org\/{rel}","templated":true}]}}