{"id":20,"date":"2017-10-22T12:53:30","date_gmt":"2017-10-22T12:53:30","guid":{"rendered":"http:\/\/xn--freundeskreis-mhlhuser-museen-iqc45e.de\/?page_id=20"},"modified":"2024-01-04T11:25:05","modified_gmt":"2024-01-04T11:25:05","slug":"kontakt","status":"publish","type":"page","link":"https:\/\/www.freundeskreis-muehlhaeuser-museen.de\/?page_id=20","title":{"rendered":"Kontakt"},"content":{"rendered":"<p>M\u00fchlh\u00e4user Museen<\/p>\n<p>Kristanplatz 7<br \/>\n99974 M\u00fchlhausen<\/p>\n<p>Telefon: (0 36 01) 85 66 0<\/p>\n<p>E-Mail:<br \/>\n<a href=\"mailto:kontakt@freundeskreis-muehlhaeuser-museen.de\"><span id=\"cloak72003\">kontakt@freundeskreis-muehlhaeuser-museen.de<\/span><\/a><\/p>\n","protected":false},"excerpt":{"rendered":"<p>M\u00fchlh\u00e4user Museen Kristanplatz 7 99974 M\u00fchlhausen Telefon: (0 36 01) 85 66 0 E-Mail: kontakt@freundeskreis-muehlhaeuser-museen.de<\/p>\n","protected":false},"author":1,"featured_media":0,"parent":0,"menu_order":8,"comment_status":"closed","ping_status":"closed","template":"","meta":{"footnotes":""},"_links":{"self":[{"href":"https:\/\/www.freundeskreis-muehlhaeuser-museen.de\/index.php?rest_route=\/wp\/v2\/pages\/20"}],"collection":[{"href":"https:\/\/www.freundeskreis-muehlhaeuser-museen.de\/index.php?rest_route=\/wp\/v2\/pages"}],"about":[{"href":"https:\/\/www.freundeskreis-muehlhaeuser-museen.de\/index.php?rest_route=\/wp\/v2\/types\/page"}],"author":[{"embeddable":true,"href":"https:\/\/www.freundeskreis-muehlhaeuser-museen.de\/index.php?rest_route=\/wp\/v2\/users\/1"}],"replies":[{"embeddable":true,"href":"https:\/\/www.freundeskreis-muehlhaeuser-museen.de\/index.php?rest_route=%2Fwp%2Fv2%2Fcomments&post=20"}],"version-history":[{"count":3,"href":"https:\/\/www.freundeskreis-muehlhaeuser-museen.de\/index.php?rest_route=\/wp\/v2\/pages\/20\/revisions"}],"predecessor-version":[{"id":1658,"href":"https:\/\/www.freundeskreis-muehlhaeuser-museen.de\/index.php?rest_route=\/wp\/v2\/pages\/20\/revisions\/1658"}],"wp:attachment":[{"href":"https:\/\/www.freundeskreis-muehlhaeuser-museen.de\/index.php?rest_route=%2Fwp%2Fv2%2Fmedia&parent=20"}],"curies":[{"name":"wp","href":"https:\/\/api.w.org\/{rel}","templated":true}]}}