{"id":2,"date":"2016-05-10T03:48:21","date_gmt":"2016-05-10T03:48:21","guid":{"rendered":"http:\/\/xn--freundeskreis-mhlhuser-museen-iqc45e.de\/?page_id=2"},"modified":"2025-02-18T18:46:23","modified_gmt":"2025-02-18T18:46:23","slug":"sample-page","status":"publish","type":"page","link":"https:\/\/www.freundeskreis-muehlhaeuser-museen.de\/","title":{"rendered":"Der Freundeskreis M\u00fchlh\u00e4user Museen e.V."},"content":{"rendered":"<div class=\"items-leading\">\n<div class=\"leading-0\">\n<div class=\"contentpaneopen-homepage\">\n<p><strong>Sehr geehrte Damen und Herren,<br \/>\n<\/strong><strong>liebe Freunde der M\u00fchlh\u00e4user Museen,<\/strong><\/p>\n<p>am 30. April 2010 wurde der Freundeskreis M\u00fchlh\u00e4user Museen e. V. gegr\u00fcndet und z\u00e4hlt gegenw\u00e4rtig rund 300 Mitglieder. Dieses \u00fcberw\u00e4ltigende Echo konnte so nicht erwartet werden, zeugt aber von einem beeindruckenden Kulturbewusstsein der B\u00fcrger M\u00fchlhausens und dar\u00fcber hinaus der B\u00fcrger des Unstrut-Hainich-Kreises. Die Initiative zur Gr\u00fcndung des Freundeskreises rief sogar ein \u00fcberregionales Interesse hervor, was sich in Mitgliedschaften \u00fcber die Kreisgrenzen hinaus widerspiegelt.<\/p>\n<p>In Zeiten der \u00f6konomischen Krise wird nahezu leichtfertig der Rotstift an den Zuwendungen f\u00fcr Kulturinstitutionen jeglicher Couleur angesetzt. B\u00fcrgerschaftliches Engagement muss dem entgegentreten, darf aber von politischer Seite nicht dazu missbraucht werden, sich vollends der Verantwortung f\u00fcr die Kultur zu entziehen.<\/p>\n<p>So f\u00fchlt sich der Freundeskreis den M\u00fchlh\u00e4user Museen ideell verbunden und wird diese auch punktuell finanziell unterst\u00fctzen, um einzelne Projekte zu erm\u00f6glichen, die im Rahmen der festgelegten Zuwendungen durch Stadt, Kreis und Land so nicht realisierbar w\u00e4ren. Dies alles kann und soll aber die Aufgaben der Tr\u00e4ger der Museen nicht ersetzen.<\/p>\n<p>Nicht nur nebenbei sei bemerkt, dass der Freundeskreis einen Museumskomplex unterst\u00fctzt, der in den letzten Jahren Sonderausstellungen mit \u00fcberregionaler Ausstrahlung hervorgebracht hat.<\/p>\n<p>Es sei erinnert an die Expositionen \u00fcber den Erbauer der Brooklyn Bridge, Johann August R\u00f6bling, 2006 oder zum Jubil\u00e4um \u201e300 Jahre Bach in M\u00fchlhausen\u201c im Jahr 2007, an die gro\u00dfe Sonderausstellung \u201eFranziskaner in Th\u00fcringen\u201c 2008 oder an die umfassende Pr\u00e4sentation zum \u201eKunstraum Th\u00fcringen im 20. Jahrhundert\u201c.<\/p>\n<p>Es lohnt sich, eines der gr\u00f6\u00dften Verbundmuseen Th\u00fcringens zu unterst\u00fctzen!<\/p>\n<p>Werden Sie deshalb Mitglied in unserem Freundeskreis M\u00fchlh\u00e4user Museen e. V.!<\/p>\n<p>Als geb\u00fcrtigem Weimarer sei es mir gestattet, Johann Wolfgang von Goethe Bezug nehmend auf die Rolle der Museen zu zitieren:<\/p>\n<p>\u201eR\u00fcstkammern, Galerien und Museen, zu denen nichts hinzugef\u00fcgt wird, haben etwas Grab- und Gespensterartiges; man beschr\u00e4nkt seinen Sinn in einem so beschr\u00e4nkten Kunstkreis, man gew\u00f6hnt sich, solche Sammlungen als ein Ganzes anzusehen, anstatt dass man durch immer neuen Zuwachs erinnert werden sollte, dass in der Kunst, wie im Leben, kein Abgeschlossenes beharre, sondern ein Unendliches in Bewegung sei.\u201c<\/p>\n<p>Lassen Sie uns im Goethe\u00b4schen Sinne gemeinsam \u201eein Unendliches in Bewegung\u201c setzen!<\/p>\n<\/div>\n<\/div>\n<\/div>\n<div class=\"items-leading\">\n<div class=\"leading-0\">\n<div class=\"contentpaneopen-homepage\">\n<p>Mit herzlichen Gr\u00fc\u00dfen<br \/>\nDr. Michael Scholl<br \/>\nErster Vorsitzender<\/p>\n<\/div>\n<div class=\"item-separator\"><\/div>\n<\/div>\n<\/div>\n<div class=\"items-row cols-3 row-0\"><\/div>\n","protected":false},"excerpt":{"rendered":"<p>Sehr geehrte Damen und Herren, liebe Freunde der M\u00fchlh\u00e4user Museen, am 30. April 2010 wurde der Freundeskreis M\u00fchlh\u00e4user Museen e. V. gegr\u00fcndet und z\u00e4hlt gegenw\u00e4rtig rund 300 Mitglieder. Dieses \u00fcberw\u00e4ltigende Echo konnte so nicht erwartet werden, zeugt aber von einem beeindruckenden Kulturbewusstsein der B\u00fcrger M\u00fchlhausens und dar\u00fcber hinaus der B\u00fcrger des Unstrut-Hainich-Kreises. Die Initiative zur <a href=\"https:\/\/www.freundeskreis-muehlhaeuser-museen.de\/\" class=\"more-link\">...weiterlesen<span class=\"screen-reader-text\"> \"Der Freundeskreis M\u00fchlh\u00e4user Museen e.V.\"<\/span><\/a><\/p>\n","protected":false},"author":1,"featured_media":0,"parent":0,"menu_order":0,"comment_status":"closed","ping_status":"open","template":"","meta":{"footnotes":""},"_links":{"self":[{"href":"https:\/\/www.freundeskreis-muehlhaeuser-museen.de\/index.php?rest_route=\/wp\/v2\/pages\/2"}],"collection":[{"href":"https:\/\/www.freundeskreis-muehlhaeuser-museen.de\/index.php?rest_route=\/wp\/v2\/pages"}],"about":[{"href":"https:\/\/www.freundeskreis-muehlhaeuser-museen.de\/index.php?rest_route=\/wp\/v2\/types\/page"}],"author":[{"embeddable":true,"href":"https:\/\/www.freundeskreis-muehlhaeuser-museen.de\/index.php?rest_route=\/wp\/v2\/users\/1"}],"replies":[{"embeddable":true,"href":"https:\/\/www.freundeskreis-muehlhaeuser-museen.de\/index.php?rest_route=%2Fwp%2Fv2%2Fcomments&post=2"}],"version-history":[{"count":2,"href":"https:\/\/www.freundeskreis-muehlhaeuser-museen.de\/index.php?rest_route=\/wp\/v2\/pages\/2\/revisions"}],"predecessor-version":[{"id":1826,"href":"https:\/\/www.freundeskreis-muehlhaeuser-museen.de\/index.php?rest_route=\/wp\/v2\/pages\/2\/revisions\/1826"}],"wp:attachment":[{"href":"https:\/\/www.freundeskreis-muehlhaeuser-museen.de\/index.php?rest_route=%2Fwp%2Fv2%2Fmedia&parent=2"}],"curies":[{"name":"wp","href":"https:\/\/api.w.org\/{rel}","templated":true}]}}