{"id":18,"date":"2017-10-22T12:49:23","date_gmt":"2017-10-22T12:49:23","guid":{"rendered":"http:\/\/xn--freundeskreis-mhlhuser-museen-iqc45e.de\/?page_id=18"},"modified":"2017-11-10T17:49:13","modified_gmt":"2017-11-10T17:49:13","slug":"impressum","status":"publish","type":"page","link":"https:\/\/www.freundeskreis-muehlhaeuser-museen.de\/?page_id=18","title":{"rendered":"Impressum"},"content":{"rendered":"<p>Freundeskreis<br \/>\nM\u00fchlh\u00e4user Museen<br \/>\nKristanplatz 7<br \/>\n99974 M\u00fchlhausen<\/p>\n<p>Telefon: (0 36 01) 85 66 0<\/p>\n<div dir=\"LTR\">\n<p>Disclaimer \u2013 rechtliche Hinweise<\/p>\n<p>(1) Haftungsbeschr\u00e4nkung<br \/>\nInhalte dieser Website<br \/>\nDie Inhalte dieser Website werden mit gr\u00f6\u00dftm\u00f6glicher Sorgfalt<br \/>\nerstellt. Der Anbieter \u00fcbernimmt jedoch keine Gew\u00e4hr f\u00fcr die<br \/>\nRichtigkeit, Vollst\u00e4ndigkeit und Aktualit\u00e4t der bereitgestellten<br \/>\nInhalte. Die Nutzung der abrufbaren Inhalte erfolgt auf eigene<br \/>\nGefahr des Nutzers. Namentlich gekennzeichnete Beitr\u00e4ge geben die<br \/>\nMeinung des jeweiligen Autors und nicht immer die Meinung des<br \/>\nAnbieters wieder.<br \/>\nVerf\u00fcgbarkeit der Website<br \/>\nDer Anbieter wird sich bem\u00fchen, den Dienst m\u00f6glichst<br \/>\nunterbrechungsfrei zum Abruf anzubieten. Auch bei aller Sorgfalt<br \/>\nk\u00f6nnen aber Ausfallzeiten nicht ausgeschlossen werden. Der Anbieter<br \/>\nbeh\u00e4lt sich das Recht vor, sein Angebot jederzeit zu \u00e4ndern oder<br \/>\neinzustellen.<br \/>\nExterne Links<br \/>\nDiese Website enth\u00e4lt Verkn\u00fcpfungen zu Websites Dritter (interne und externe<br \/>\nLinks). Diese Websites unterliegen der Haftung der jeweiligen<br \/>\nBetreiber. Der Anbieter hat bei der erstmaligen Verkn\u00fcpfung der<br \/>\nexternen Links die fremden Inhalte daraufhin \u00fcberpr\u00fcft, ob etwaige<br \/>\nRechtsverst\u00f6\u00dfe bestehen. Zu dem Zeitpunkt waren keine<br \/>\nRechtsverst\u00f6\u00dfe ersichtlich. Der Anbieter hat keinerlei Einfluss auf<br \/>\ndie aktuelle und zuk\u00fcnftige Gestaltung und auf die Inhalte der<br \/>\nverkn\u00fcpften Seiten. Das Setzen von externen Links bedeutet nicht,<br \/>\ndass sich der Anbieter die hinter dem Verweis oder Link liegenden<br \/>\nInhalte zu Eigen macht. Eine st\u00e4ndige Kontrolle dieser externen<br \/>\nLinks ist f\u00fcr den Anbieter ohne konkrete Hinweise auf<br \/>\nRechtsverst\u00f6\u00dfe nicht zumutbar. Bei Kenntnis von Rechtsverst\u00f6\u00dfen<br \/>\nwerden jedoch derartige externe Links unverz\u00fcglich gel\u00f6scht.<br \/>\nWerbeanzeigen<br \/>\nF\u00fcr den Inhalt der Werbeanzeigen ist der jeweilige Autor<br \/>\nverantwortlich, ebenso wie f\u00fcr den Inhalt der beworbenen Website.<br \/>\nDie Darstellung der Werbeanzeige stellt keine Akzeptanz durch den<br \/>\nAnbieter dar.<br \/>\nKein Vertragsverh\u00e4ltnis<br \/>\nMit der Nutzung der Website des Anbieters kommt keinerlei<br \/>\nVertragsverh\u00e4ltnis zwischen dem Nutzer und dem Anbieter zustande.<br \/>\nInsofern ergeben sich auch keinerlei vertragliche oder<br \/>\nquasivertragliche Anspr\u00fcche gegen den Anbieter. F\u00fcr den Fall, dass<br \/>\ndie Nutzung der Website doch zu einem Vertragsverh\u00e4ltnis f\u00fchren<br \/>\nsollte, gilt rein vorsorglich nachfolgende Haftungsbeschr\u00e4nkung:<br \/>\nDer Anbieter haftet f\u00fcr Vorsatz und grobe Fahrl\u00e4ssigkeit sowie bei<br \/>\nVerletzung einer wesentlichen Vertragspflicht (Kardinalpflicht).<br \/>\nDer Anbieter haftet unter Begrenzung auf Ersatz des bei<br \/>\nVertragsschluss vorhersehbaren vertragstypischen Schadens f\u00fcr<br \/>\nsolche Sch\u00e4den, die auf einer leicht fahrl\u00e4ssigen Verletzung von<br \/>\nKardinalpflichten durch ihn oder eines seiner gesetzlichen<br \/>\nVertreter oder Erf\u00fcllungsgehilfen beruhen. Bei leicht fahrl\u00e4ssiger<br \/>\nVerletzung von Nebenpflichten, die keine Kardinalpflichten sind,<br \/>\nhaftet der Anbieter nicht. Die Haftung f\u00fcr Sch\u00e4den, die in den<br \/>\nSchutzbereich einer vom Anbieter gegebenen Garantie oder<br \/>\nZusicherung fallen sowie die Haftung f\u00fcr Anspr\u00fcche aufgrund des<br \/>\nProdukthaftungsgesetzes und Sch\u00e4den aus der Verletzung des Lebens,<br \/>\ndes K\u00f6rpers oder der Gesundheit bleibt hiervon unber\u00fchrt.<br \/>\n(2) Urheberrecht<br \/>\nDie auf dieser Website ver\u00f6ffentlichten Inhalte und Werke sind<br \/>\nurheberrechtlich gesch\u00fctzt. Jede vom deutschen Urheberrecht nicht<br \/>\nzugelassene Verwertung bedarf der vorherigen schriftlichen<br \/>\nZustimmung des jeweiligen Autors oder Urhebers. Dies gilt<br \/>\ninsbesondere f\u00fcr Vervielf\u00e4ltigung, Bearbeitung, \u00dcbersetzung,<br \/>\nEinspeicherung, Verarbeitung bzw. Wiedergabe von Inhalten in<br \/>\nDatenbanken oder anderen elektronischen Medien und Systemen.<br \/>\nInhalte und Beitr\u00e4ge Dritter sind dabei als solche gekennzeichnet.<br \/>\nDie unerlaubte Vervielf\u00e4ltigung oder Weitergabe einzelner Inhalte<br \/>\noder kompletter Seiten ist nicht gestattet und strafbar. Lediglich<br \/>\ndie Herstellung von Kopien und Downloads f\u00fcr den pers\u00f6nlichen,<br \/>\nprivaten und nicht kommerziellen Gebrauch ist erlaubt.<br \/>\nLinks zur Website des Anbieters sind jederzeit willkommen und<br \/>\nbed\u00fcrfen keiner Zustimmung durch den Anbieter der Website. Die<br \/>\nDarstellung dieser Website in fremden Frames ist nur mit Erlaubnis<br \/>\nzul\u00e4ssig.<br \/>\n(3) Datenschutz<br \/>\nDurch den Besuch der Website des Anbieters k\u00f6nnen Informationen<br \/>\n\u00fcber den Zugriff (Datum, Uhrzeit, betrachtete Seite) auf dem Server<br \/>\ngespeichert werden. Diese Daten geh\u00f6ren nicht zu den<br \/>\npersonenbezogenen Daten, sondern sind anonymisiert. Sie werden<br \/>\nausschlie\u00dflich zu statistischen Zwecken ausgewertet. Eine<br \/>\nWeitergabe an Dritte, zu kommerziellen oder nichtkommerziellen<br \/>\nZwecken, findet nicht statt.<br \/>\nDer Anbieter weist ausdr\u00fccklich darauf hin, dass die<br \/>\nDaten\u00fcbertragung im Internet (z.B. bei der Kommunikation per<br \/>\nE-Mail) Sicherheitsl\u00fccken aufweisen und nicht l\u00fcckenlos vor dem<br \/>\nZugriff durch Dritte gesch\u00fctzt werden kann.<br \/>\nDie Verwendung der Kontaktdaten der Anbieterkennzeichnung \u2013<br \/>\ninsbesondere der Telefon-\/Faxnummern und E-Mailadresse \u2013 zur<br \/>\ngewerblichen Werbung ist ausdr\u00fccklich nicht erw\u00fcnscht, es sei denn<br \/>\nder Anbieter hatte zuvor seine schriftliche Einwilligung erteilt<br \/>\noder es besteht bereits ein gesch\u00e4ftlicher Kontakt. Der Anbieter<br \/>\nund alle auf dieser Website genannten Personen widersprechen<br \/>\nhiermit jeder kommerziellen Verwendung und Weitergabe ihrer<br \/>\nDaten.<br \/>\n(4) Anwendbares Recht<br \/>\nEs gilt ausschlie\u00dflich das ma\u00dfgebliche Recht der Bundesrepublik<br \/>\nDeutschland.<br \/>\n(5) Besondere Nutzungsbedingungen<br \/>\nSoweit besondere Bedingungen f\u00fcr einzelne Nutzungen dieser Website<br \/>\nvon den vorgenannten Punkten (1) bis (4) abweichen, wird an<br \/>\nentsprechender Stelle ausdr\u00fccklich darauf hingewiesen. In diesem<br \/>\nFalle gelten im jeweiligen Einzelfall die besonderen<br \/>\nNutzungsbedingungen.<\/p>\n<p>Quelle: Disclaimer von Juraforum.de \u2013 Portal mit Rechtsanwalt-Suche<\/p>\n<\/div>\n<p>&nbsp;<\/p>\n","protected":false},"excerpt":{"rendered":"<p>Freundeskreis M\u00fchlh\u00e4user Museen Kristanplatz 7 99974 M\u00fchlhausen Telefon: (0 36 01) 85 66 0 Disclaimer \u2013 rechtliche Hinweise (1) Haftungsbeschr\u00e4nkung Inhalte dieser Website Die Inhalte dieser Website werden mit gr\u00f6\u00dftm\u00f6glicher Sorgfalt erstellt. Der Anbieter \u00fcbernimmt jedoch keine Gew\u00e4hr f\u00fcr die Richtigkeit, Vollst\u00e4ndigkeit und Aktualit\u00e4t der bereitgestellten Inhalte. Die Nutzung der abrufbaren Inhalte erfolgt auf eigene <a href=\"https:\/\/www.freundeskreis-muehlhaeuser-museen.de\/?page_id=18\" class=\"more-link\">...weiterlesen<span class=\"screen-reader-text\"> \"Impressum\"<\/span><\/a><\/p>\n","protected":false},"author":1,"featured_media":0,"parent":0,"menu_order":10,"comment_status":"closed","ping_status":"closed","template":"","meta":{"footnotes":""},"_links":{"self":[{"href":"https:\/\/www.freundeskreis-muehlhaeuser-museen.de\/index.php?rest_route=\/wp\/v2\/pages\/18"}],"collection":[{"href":"https:\/\/www.freundeskreis-muehlhaeuser-museen.de\/index.php?rest_route=\/wp\/v2\/pages"}],"about":[{"href":"https:\/\/www.freundeskreis-muehlhaeuser-museen.de\/index.php?rest_route=\/wp\/v2\/types\/page"}],"author":[{"embeddable":true,"href":"https:\/\/www.freundeskreis-muehlhaeuser-museen.de\/index.php?rest_route=\/wp\/v2\/users\/1"}],"replies":[{"embeddable":true,"href":"https:\/\/www.freundeskreis-muehlhaeuser-museen.de\/index.php?rest_route=%2Fwp%2Fv2%2Fcomments&post=18"}],"version-history":[{"count":3,"href":"https:\/\/www.freundeskreis-muehlhaeuser-museen.de\/index.php?rest_route=\/wp\/v2\/pages\/18\/revisions"}],"predecessor-version":[{"id":859,"href":"https:\/\/www.freundeskreis-muehlhaeuser-museen.de\/index.php?rest_route=\/wp\/v2\/pages\/18\/revisions\/859"}],"wp:attachment":[{"href":"https:\/\/www.freundeskreis-muehlhaeuser-museen.de\/index.php?rest_route=%2Fwp%2Fv2%2Fmedia&parent=18"}],"curies":[{"name":"wp","href":"https:\/\/api.w.org\/{rel}","templated":true}]}}